{"id":26,"date":"2018-09-08T12:20:45","date_gmt":"2018-09-08T12:20:45","guid":{"rendered":"https:\/\/lsc-leipzig.de\/?page_id=26"},"modified":"2018-09-13T17:05:57","modified_gmt":"2018-09-13T17:05:57","slug":"vereinsgelaende","status":"publish","type":"page","link":"https:\/\/lsc-leipzig.de\/index.php\/vereinsgelaende\/","title":{"rendered":"Vereinsgel\u00e4nde"},"content":{"rendered":"<h1>Elsterstausee<\/h1>\n<ul>\n<li>Geb\u00e4ude und Sportgel\u00e4nde f\u00fcr Seesport am ehemaligen Elsterstausee<\/li>\n<li>Vereinsheim, Werkst\u00e4tten und Bootsschuppen<\/li>\n<\/ul>\n<p>&nbsp;<\/p>\n<p>&nbsp;<\/p>\n\n\t\t<div data-carousel-extra='{&quot;blog_id&quot;:1,&quot;permalink&quot;:&quot;https:\/\/lsc-leipzig.de\/index.php\/vereinsgelaende\/&quot;}' id='gallery-1' class='gallery galleryid-26 gallery-columns-3 gallery-size-thumbnail gallery1'><script type=\"text\/javascript\">\r\n\/\/ <![CDATA[\r\n\tjQuery(document).ready(function () {\r\n\t\tjQuery(\".gallery1 a\").attr(\"rel\",\"gallery1\");\t\r\n\t\tjQuery('a[rel=\"gallery1\"]').colorbox({maxWidth:\"95%\", maxHeight:\"95%\",title: function(){ return jQuery(this).children().attr(\"alt\"); }, });\r\n\t});\r\n\/\/ ]]>\r\n<\/script>\n\r\n\t\t\t<style type=\"text\/css\">\r\n\t\t\t\t#cboxCurrent { display:none !important; }\r\n\t\t\t<\/style>\n<figure class=\"gallery-item\">\n<div class=\"gallery-icon\">\r\n<a href=\"https:\/\/i0.wp.com\/lsc-leipzig.de\/wp-content\/uploads\/2018\/09\/aaf9a91afb.jpg?fit=295%2C222&ssl=1\" title=\"\" rel=\"gallery1\"><img loading=\"lazy\" decoding=\"async\" src=\"https:\/\/i0.wp.com\/lsc-leipzig.de\/wp-content\/uploads\/2018\/09\/aaf9a91afb.jpg?resize=150%2C150&ssl=1\" width=\"150\" height=\"150\" alt=\"\" \/><\/a>\r\n<\/div><\/figure>\r\n\t\t<\/div>\n\n<h1>Cospudener See<\/h1>\n<ul>\n<li>Steg- und Slipanlage sowie Bootsliegepl\u00e4tze am Cospudener See (Westufer)<\/li>\n<\/ul>\n<p>&nbsp;<\/p>\n\n\t\t<div data-carousel-extra='{&quot;blog_id&quot;:1,&quot;permalink&quot;:&quot;https:\/\/lsc-leipzig.de\/index.php\/vereinsgelaende\/&quot;}' id='gallery-2' class='gallery galleryid-26 gallery-columns-3 gallery-size-thumbnail gallery1'><script type=\"text\/javascript\">\r\n\/\/ <![CDATA[\r\n\tjQuery(document).ready(function () {\r\n\t\tjQuery(\".gallery1 a\").attr(\"rel\",\"gallery1\");\t\r\n\t\tjQuery('a[rel=\"gallery1\"]').colorbox({maxWidth:\"95%\", maxHeight:\"95%\",title: function(){ return jQuery(this).children().attr(\"alt\"); }, });\r\n\t});\r\n\/\/ ]]>\r\n<\/script>\n\r\n\t\t\t<style type=\"text\/css\">\r\n\t\t\t\t#cboxCurrent { display:none !important; }\r\n\t\t\t<\/style>\n<figure class=\"gallery-item\">\n<div class=\"gallery-icon\">\r\n<a href=\"https:\/\/i0.wp.com\/lsc-leipzig.de\/wp-content\/uploads\/2018\/09\/af2f16d79d.jpg?fit=295%2C222&ssl=1\" title=\"\" rel=\"gallery1\"><img loading=\"lazy\" decoding=\"async\" src=\"https:\/\/i0.wp.com\/lsc-leipzig.de\/wp-content\/uploads\/2018\/09\/af2f16d79d.jpg?resize=150%2C150&ssl=1\" width=\"150\" height=\"150\" alt=\"\" \/><\/a>\r\n<\/div><\/figure><figure class=\"gallery-item\">\n<div class=\"gallery-icon\">\r\n<a href=\"https:\/\/i0.wp.com\/lsc-leipzig.de\/wp-content\/uploads\/2018\/09\/c34f42bfa1.jpg?fit=295%2C222&ssl=1\" title=\"Cospundener See\n\" rel=\"gallery1\"><img loading=\"lazy\" decoding=\"async\" src=\"https:\/\/i0.wp.com\/lsc-leipzig.de\/wp-content\/uploads\/2018\/09\/c34f42bfa1.jpg?resize=150%2C150&ssl=1\" width=\"150\" height=\"150\" alt=\"Cospundener See\n\" \/><\/a>\r\n<\/div><figcaption class=\"gallery-caption\" id=\"caption50\"><span class=\"imagecaption\">Cospundener See\n<\/span><br \/>\n<\/figcaption><\/figure>\r\n\t\t<\/div>\n\n<h1>Lage<\/h1>\n<p>Der\u00a0Elsterstausee\u00a0liegt an der s\u00fcdlichen Stadtgrenze Leipzigs in Sachsen, \u00f6stlich der Orte Hartmannsdorf und B\u00f6sdorf. Bis 2009 wurde der Stausee zur Erholung genutzt, unter anderem zum Baden, Segeln und Ruderbootfahren. Der See ist mittlerweile ausgetrocknet.<\/p>\n<p>\u00d6stlich des Elsterstausees entstand bis zum Jahr 2000 durch Flutung eines Tagebaurestloches ein k\u00fcnstlicher See, der\u00a0Cospudener See. Er ist \u00fcber 400 ha gro\u00df und geh\u00f6rt zum Gew\u00e4sserverbund\u00a0Leipziger Neuseenland.<\/p>\n<p>&nbsp;<\/p>\n<p>Zum \u00dcberblick und f\u00fcr die Routenplanung bitte auf die Karte klicken.<\/p>\n<p><a href=\"https:\/\/www.bing.com\/maps\/?v=2&amp;cp=sjbdxwj0szd5&amp;lvl=16&amp;sty=b&amp;sp=Point.sjb067j0skyp_Parkplatz%2520am%2520Elsterstausee____~Point.sj9j76j0t175_Leipziger%2520Seesportclub%2520e.V._Vereinsgelaende_www.seesport-leipzig.de_http%253A%252F%252Fwww.abramowitsch.de%252Flsc%252Ftypo3temp%252Fpics%252F181baaf6c4.jpg_~Point.sjb3jjj0t45j_Leipziger%2520Seesportclub%2520e.V._Hafengelaende__http%253A%252F%252Fwww.abramowitsch.de%252Flsc%252Ftypo3temp%252Fpics%252F3b534c50b5.jpg_&amp;rtp=adr.~adr.&amp;mode=D&amp;rtop=0~0~0~&amp;form=LMLTCC\"><img data-recalc-dims=\"1\" loading=\"lazy\" decoding=\"async\" data-attachment-id=\"51\" data-permalink=\"https:\/\/lsc-leipzig.de\/index.php\/vereinsgelaende\/0b52881ea2\/\" data-orig-file=\"https:\/\/i0.wp.com\/lsc-leipzig.de\/wp-content\/uploads\/2018\/09\/0b52881ea2.jpg?fit=600%2C437&amp;ssl=1\" data-orig-size=\"600,437\" data-comments-opened=\"1\" data-image-meta=\"{&quot;aperture&quot;:&quot;0&quot;,&quot;credit&quot;:&quot;&quot;,&quot;camera&quot;:&quot;&quot;,&quot;caption&quot;:&quot;&quot;,&quot;created_timestamp&quot;:&quot;0&quot;,&quot;copyright&quot;:&quot;&quot;,&quot;focal_length&quot;:&quot;0&quot;,&quot;iso&quot;:&quot;0&quot;,&quot;shutter_speed&quot;:&quot;0&quot;,&quot;title&quot;:&quot;&quot;,&quot;orientation&quot;:&quot;0&quot;}\" data-image-title=\"0b52881ea2\" data-image-description=\"\" data-image-caption=\"\" data-large-file=\"https:\/\/i0.wp.com\/lsc-leipzig.de\/wp-content\/uploads\/2018\/09\/0b52881ea2.jpg?fit=525%2C382&amp;ssl=1\" class=\"alignnone size-medium wp-image-51\" src=\"https:\/\/i0.wp.com\/lsc-leipzig.de\/wp-content\/uploads\/2018\/09\/0b52881ea2.jpg?resize=300%2C219&#038;ssl=1\" alt=\"\" width=\"300\" height=\"219\" srcset=\"https:\/\/i0.wp.com\/lsc-leipzig.de\/wp-content\/uploads\/2018\/09\/0b52881ea2.jpg?resize=300%2C219&amp;ssl=1 300w, https:\/\/i0.wp.com\/lsc-leipzig.de\/wp-content\/uploads\/2018\/09\/0b52881ea2.jpg?w=600&amp;ssl=1 600w\" sizes=\"auto, (max-width: 300px) 100vw, 300px\" \/><\/a><\/p>\n<p>&nbsp;<\/p>\n","protected":false},"excerpt":{"rendered":"<p>Elsterstausee Geb\u00e4ude und Sportgel\u00e4nde f\u00fcr Seesport am ehemaligen Elsterstausee Vereinsheim, Werkst\u00e4tten und Bootsschuppen &nbsp; &nbsp; Cospudener See Steg- und Slipanlage sowie Bootsliegepl\u00e4tze am Cospudener See (Westufer) &nbsp; Lage Der\u00a0Elsterstausee\u00a0liegt an der s\u00fcdlichen Stadtgrenze Leipzigs in Sachsen, \u00f6stlich der Orte Hartmannsdorf und B\u00f6sdorf. Bis 2009 wurde der Stausee zur Erholung genutzt, unter anderem zum Baden, Segeln &hellip; <\/p>\n<p class=\"link-more\"><a href=\"https:\/\/lsc-leipzig.de\/index.php\/vereinsgelaende\/\" class=\"more-link\"><span class=\"screen-reader-text\">\u201eVereinsgel\u00e4nde\u201c<\/span> weiterlesen<\/a><\/p>\n","protected":false},"author":1,"featured_media":0,"parent":0,"menu_order":0,"comment_status":"closed","ping_status":"closed","template":"","meta":{"_view_id":"","jetpack_post_was_ever_published":false,"footnotes":""},"class_list":["post-26","page","type-page","status-publish","hentry"],"jetpack_sharing_enabled":true,"jetpack_shortlink":"https:\/\/wp.me\/PapJvP-q","jetpack-related-posts":[],"_links":{"self":[{"href":"https:\/\/lsc-leipzig.de\/index.php\/wp-json\/wp\/v2\/pages\/26","targetHints":{"allow":["GET"]}}],"collection":[{"href":"https:\/\/lsc-leipzig.de\/index.php\/wp-json\/wp\/v2\/pages"}],"about":[{"href":"https:\/\/lsc-leipzig.de\/index.php\/wp-json\/wp\/v2\/types\/page"}],"author":[{"embeddable":true,"href":"https:\/\/lsc-leipzig.de\/index.php\/wp-json\/wp\/v2\/users\/1"}],"replies":[{"embeddable":true,"href":"https:\/\/lsc-leipzig.de\/index.php\/wp-json\/wp\/v2\/comments?post=26"}],"version-history":[{"count":5,"href":"https:\/\/lsc-leipzig.de\/index.php\/wp-json\/wp\/v2\/pages\/26\/revisions"}],"predecessor-version":[{"id":296,"href":"https:\/\/lsc-leipzig.de\/index.php\/wp-json\/wp\/v2\/pages\/26\/revisions\/296"}],"wp:attachment":[{"href":"https:\/\/lsc-leipzig.de\/index.php\/wp-json\/wp\/v2\/media?parent=26"}],"curies":[{"name":"wp","href":"https:\/\/api.w.org\/{rel}","templated":true}]}}