{"id":88,"date":"2018-09-08T13:06:52","date_gmt":"2018-09-08T13:06:52","guid":{"rendered":"https:\/\/lsc-leipzig.de\/?page_id=88"},"modified":"2018-09-08T13:16:39","modified_gmt":"2018-09-08T13:16:39","slug":"seesport","status":"publish","type":"page","link":"https:\/\/lsc-leipzig.de\/index.php\/seesport\/","title":{"rendered":"Seesport"},"content":{"rendered":"<h1>Was ist Seesport eigentlich?<\/h1>\n<p>Seesport besch\u00e4ftigt sich mit der Erlernung und Pflege maritimen Brauchtums und der Erlangung seem\u00e4nnischer Fertigkeiten. Er ist ein Mehrkampf, der aus dem Wettstreit einzelner Besatzungen von Segel- und sp\u00e4ter auch Motorschiffen entstand.<\/p>\n<p>Dazu geh\u00f6ren die Disziplinen Segeln, Rudern, Gel\u00e4ndelauf, Schwimmen, Knoten, Wurfleinewerfen sowie Tauklettern und Schie\u00dfen. Bei den Wettk\u00e4mpfen werden die verschiedenen Disziplinen<br \/>\nmiteinander kombiniert. Wettk\u00e4mpfe finden sowohl in den Einzeldisziplinen und als Einzelwertungen, als auch in Mannschaftswertungen statt.<\/p>\n<p>Die einzelnen Disziplinen, die beim LSC trainiert werden, stellen wir\u00a0<a href=\"https:\/\/lsc-leipzig.de\/index.php\/diziplinen\/\">hier<\/a>\u00a0gern n\u00e4her vor.<\/p>\n<p>Mehr Informationen finden Interessierte auch beim\u00a0<a href=\"http:\/\/www.seesport.eu\/\">Deutschen Seesportverband (DSSV).<\/a><\/p>\n","protected":false},"excerpt":{"rendered":"<p>Was ist Seesport eigentlich? Seesport besch\u00e4ftigt sich mit der Erlernung und Pflege maritimen Brauchtums und der Erlangung seem\u00e4nnischer Fertigkeiten. Er ist ein Mehrkampf, der aus dem Wettstreit einzelner Besatzungen von Segel- und sp\u00e4ter auch Motorschiffen entstand. Dazu geh\u00f6ren die Disziplinen Segeln, Rudern, Gel\u00e4ndelauf, Schwimmen, Knoten, Wurfleinewerfen sowie Tauklettern und Schie\u00dfen. Bei den Wettk\u00e4mpfen werden die &hellip; <\/p>\n<p class=\"link-more\"><a href=\"https:\/\/lsc-leipzig.de\/index.php\/seesport\/\" class=\"more-link\"><span class=\"screen-reader-text\">\u201eSeesport\u201c<\/span> weiterlesen<\/a><\/p>\n","protected":false},"author":1,"featured_media":0,"parent":0,"menu_order":0,"comment_status":"closed","ping_status":"closed","template":"","meta":{"_view_id":"","jetpack_post_was_ever_published":false,"footnotes":""},"class_list":["post-88","page","type-page","status-publish","hentry"],"jetpack_sharing_enabled":true,"jetpack_shortlink":"https:\/\/wp.me\/PapJvP-1q","jetpack-related-posts":[],"_links":{"self":[{"href":"https:\/\/lsc-leipzig.de\/index.php\/wp-json\/wp\/v2\/pages\/88","targetHints":{"allow":["GET"]}}],"collection":[{"href":"https:\/\/lsc-leipzig.de\/index.php\/wp-json\/wp\/v2\/pages"}],"about":[{"href":"https:\/\/lsc-leipzig.de\/index.php\/wp-json\/wp\/v2\/types\/page"}],"author":[{"embeddable":true,"href":"https:\/\/lsc-leipzig.de\/index.php\/wp-json\/wp\/v2\/users\/1"}],"replies":[{"embeddable":true,"href":"https:\/\/lsc-leipzig.de\/index.php\/wp-json\/wp\/v2\/comments?post=88"}],"version-history":[{"count":4,"href":"https:\/\/lsc-leipzig.de\/index.php\/wp-json\/wp\/v2\/pages\/88\/revisions"}],"predecessor-version":[{"id":99,"href":"https:\/\/lsc-leipzig.de\/index.php\/wp-json\/wp\/v2\/pages\/88\/revisions\/99"}],"wp:attachment":[{"href":"https:\/\/lsc-leipzig.de\/index.php\/wp-json\/wp\/v2\/media?parent=88"}],"curies":[{"name":"wp","href":"https:\/\/api.w.org\/{rel}","templated":true}]}}